{"id":8,"date":"2021-01-16T12:00:23","date_gmt":"2021-01-16T15:00:23","guid":{"rendered":"https:\/\/www.xn--cabaascarolina-tnb.cl\/?page_id=8"},"modified":"2024-01-03T20:24:30","modified_gmt":"2024-01-03T23:24:30","slug":"inicio","status":"publish","type":"page","link":"https:\/\/www.xn--cabaascarolina-tnb.cl\/","title":{"rendered":"INICIO"},"content":{"rendered":"<p>[et_pb_section fb_built=&#8221;1&#8243; _builder_version=&#8221;4.8.0&#8243; _module_preset=&#8221;default&#8221; background_image=&#8221;https:\/\/www.xn--cabaascarolina-tnb.cl\/wp-content\/uploads\/2023\/05\/DSC00080_edited-1-scaled.jpg&#8221; min_height=&#8221;323.8px&#8221; custom_padding=&#8221;10px||0px|||&#8221;][et_pb_row _builder_version=&#8221;4.8.0&#8243; _module_preset=&#8221;default&#8221; width=&#8221;100%&#8221; min_height=&#8221;322.9px&#8221; custom_margin=&#8221;0px|auto||auto||&#8221; custom_padding=&#8221;0px||0px|||&#8221;][et_pb_column type=&#8221;4_4&#8243; _builder_version=&#8221;4.8.0&#8243; _module_preset=&#8221;default&#8221;][et_pb_text _builder_version=&#8221;4.8.0&#8243; _module_preset=&#8221;default&#8221; text_font=&#8221;Arial|800|||||||&#8221; header_font=&#8221;Arial||||||||&#8221; header_text_color=&#8221;#FFFFFF&#8221; header_font_size=&#8221;71px&#8221; background_layout=&#8221;dark&#8221; width=&#8221;100%&#8221; min_height=&#8221;47px&#8221; custom_margin=&#8221;159px|||||&#8221; custom_padding=&#8221;10px||11px|||&#8221; header_text_shadow_style=&#8221;preset1&#8243;]<\/p>\n<h1 style=\"text-align: center;\"><span style=\"color: #ffffff;\">CABA\u00d1AS CAROLINA&nbsp;<\/span><\/h1>\n<p>[\/et_pb_text][et_pb_text _builder_version=&#8221;4.8.0&#8243; _module_preset=&#8221;default&#8221; text_font=&#8221;Arial|800|||||||&#8221; header_font=&#8221;Arial||||||||&#8221; header_font_size=&#8221;41px&#8221; background_layout=&#8221;dark&#8221; min_height=&#8221;47px&#8221; custom_margin=&#8221;-47px|||||&#8221; custom_padding=&#8221;0px||0px|||&#8221; inline_fonts=&#8221;Arial&#8221;]<\/p>\n<h1 style=\"text-align: center;\"><span style=\"color: #ffffff;\"><span style=\"font-family: Arial; font-weight: normal; font-size: x-large;\">COMPLEJO TUR\u00cdSTICO<\/span>&nbsp;<\/span><\/h1>\n<p>[\/et_pb_text][\/et_pb_column][\/et_pb_row][\/et_pb_section][et_pb_section fb_built=&#8221;1&#8243; _builder_version=&#8221;4.8.0&#8243; _module_preset=&#8221;default&#8221; background_enable_color=&#8221;off&#8221; background_enable_image=&#8221;off&#8221; min_height=&#8221;150.8px&#8221; custom_margin=&#8221;0px|||||&#8221; custom_padding=&#8221;9px||90px|||&#8221;][et_pb_row _builder_version=&#8221;4.8.0&#8243; _module_preset=&#8221;default&#8221; min_height=&#8221;83px&#8221; custom_margin=&#8221;|auto|-4px|auto||&#8221;][et_pb_column type=&#8221;4_4&#8243; _builder_version=&#8221;4.8.0&#8243; _module_preset=&#8221;default&#8221;][et_pb_text _builder_version=&#8221;4.8.0&#8243; _module_preset=&#8221;default&#8221;]<\/p>\n<h1 style=\"text-align: center;\">S\u00cdGUENOS EN NUESTRAS REDES SOCIALES<\/h1>\n<p>[\/et_pb_text][\/et_pb_column][\/et_pb_row][et_pb_row column_structure=&#8221;1_2,1_2&#8243; _builder_version=&#8221;4.8.0&#8243; _module_preset=&#8221;default&#8221; width=&#8221;99.7%&#8221; custom_margin=&#8221;9px|auto||auto||&#8221; custom_padding=&#8221;3px|||5px||&#8221;][et_pb_column type=&#8221;1_2&#8243; _builder_version=&#8221;4.8.0&#8243; _module_preset=&#8221;default&#8221;][et_pb_button button_url=&#8221;https:\/\/web.facebook.com\/cabanascarolinalicanray&#8221; button_text=&#8221;FACEBOOK&#8221; button_alignment=&#8221;center&#8221; _builder_version=&#8221;4.8.0&#8243; _module_preset=&#8221;default&#8221; custom_button=&#8221;on&#8221; button_text_color=&#8221;#FFFFFF&#8221; button_bg_color=&#8221;#0C71C3&#8243; background_layout=&#8221;dark&#8221; custom_margin=&#8221;11px||-8px|15px||&#8221;][\/et_pb_button][\/et_pb_column][et_pb_column type=&#8221;1_2&#8243; _builder_version=&#8221;4.8.0&#8243; _module_preset=&#8221;default&#8221;][et_pb_button button_url=&#8221;https:\/\/instagram.com\/cabanas_carolina_lican_ray?igshid=NGVhN2U2NjQ0Yg%3D%3D&#8221; button_text=&#8221;INSTAGRAM&#8221; button_alignment=&#8221;center&#8221; _builder_version=&#8221;4.8.0&#8243; _module_preset=&#8221;default&#8221; custom_button=&#8221;on&#8221; button_text_color=&#8221;#FFFFFF&#8221; button_bg_use_color_gradient=&#8221;on&#8221; button_bg_color_gradient_start=&#8221;#ed0082&#8243; button_bg_color_gradient_end=&#8221;#d3e200&#8243; custom_margin=&#8221;13px|||14px||&#8221; custom_padding=&#8221;|30px||||&#8221; mix_blend_mode=&#8221;hard-light&#8221;][\/et_pb_button][\/et_pb_column][\/et_pb_row][et_pb_row _builder_version=&#8221;4.8.0&#8243; _module_preset=&#8221;default&#8221; background_enable_color=&#8221;off&#8221; width=&#8221;85.9%&#8221; custom_margin=&#8221;-1px|auto||auto||&#8221; custom_padding=&#8221;6px|||||&#8221; box_shadow_style=&#8221;preset1&#8243;][et_pb_column type=&#8221;4_4&#8243; _builder_version=&#8221;4.8.0&#8243; _module_preset=&#8221;default&#8221;][et_pb_text _builder_version=&#8221;4.8.0&#8243; _module_preset=&#8221;default&#8221; text_text_color=&#8221;#000000&#8243; background_enable_color=&#8221;off&#8221; width=&#8221;96.4%&#8221; custom_margin=&#8221;19px|12px||9px||&#8221; custom_padding=&#8221;||0px|0px||&#8221; inline_fonts=&#8221;Verdana&#8221;]<\/p>\n<p><span style=\"font-size: large;\"><span style=\"font-family: Verdana;\">Nuestro complejo se encuentra en la regi\u00f3n de la Araucan\u00eda, comuna de Villarrica, sector Lican-Ray, a 5 minutos del lago Calafqu\u00e9n y a 4 minutos del centro en veh\u00edculo.<\/span><\/span><\/p>\n<p class=\"_04xlpA direction-ltr align-center para-style-body\"><span class=\"WdYUQQ\" style=\"font-family: Verdana; font-size: large;\">Contamos con 6 caba\u00f1as completamente equipadas, tambi\u00e9n un quincho con capacidad de 40 personas, cancha de f\u00fatbol con pasto natural, agua potable. Fosas Y sistema de alcantarrillado nuevo, como tambien contamos con nuevos colchones y ropa de cama. Todas estas renovacion son para garantizar el la comodidad y bienestar de nuestros clientes.<\/span><\/p>\n<p>[\/et_pb_text][\/et_pb_column][\/et_pb_row][\/et_pb_section][et_pb_section fb_built=&#8221;1&#8243; _builder_version=&#8221;4.8.0&#8243; _module_preset=&#8221;default&#8221; custom_padding=&#8221;8px||10px|||&#8221;][et_pb_row _builder_version=&#8221;4.8.0&#8243; _module_preset=&#8221;default&#8221; custom_padding=&#8221;||13px|||&#8221;][et_pb_column type=&#8221;4_4&#8243; _builder_version=&#8221;4.8.0&#8243; _module_preset=&#8221;default&#8221;][et_pb_text _builder_version=&#8221;4.8.0&#8243; _module_preset=&#8221;default&#8221; min_height=&#8221;49px&#8221; custom_padding=&#8221;0px||9px|||&#8221;]<\/p>\n<h1 style=\"text-align: center;\"><strong>Visita nuestras instalaciones&nbsp;<\/strong><\/h1>\n<p>[\/et_pb_text][\/et_pb_column][\/et_pb_row][\/et_pb_section][et_pb_section fb_built=&#8221;1&#8243; _builder_version=&#8221;4.8.0&#8243; _module_preset=&#8221;default&#8221; custom_margin=&#8221;-5px|||||&#8221; custom_padding=&#8221;9px||3px|||&#8221;][et_pb_row column_structure=&#8221;1_2,1_2&#8243; _builder_version=&#8221;4.8.0&#8243; _module_preset=&#8221;default&#8221; width=&#8221;73.3%&#8221; custom_padding=&#8221;||4px|||&#8221;][et_pb_column type=&#8221;1_2&#8243; _builder_version=&#8221;4.8.0&#8243; _module_preset=&#8221;default&#8221;][et_pb_gallery gallery_ids=&#8221;591,590,587,593,594&#8243; _builder_version=&#8221;4.8.0&#8243; _module_preset=&#8221;default&#8221; width=&#8221;98.7%&#8221; custom_padding=&#8221;|0px|0px|6px||&#8221;][\/et_pb_gallery][\/et_pb_column][et_pb_column type=&#8221;1_2&#8243; _builder_version=&#8221;4.8.0&#8243; _module_preset=&#8221;default&#8221;][et_pb_gallery gallery_ids=&#8221;625,626,589,652&#8243; _builder_version=&#8221;4.8.0&#8243; _module_preset=&#8221;default&#8221;][\/et_pb_gallery][\/et_pb_column][\/et_pb_row][\/et_pb_section][et_pb_section fb_built=&#8221;1&#8243; _builder_version=&#8221;4.8.0&#8243; _module_preset=&#8221;default&#8221; background_color=&#8221;#bdecfc&#8221; min_height=&#8221;67.2px&#8221; custom_margin=&#8221;-1px||2px|||&#8221; custom_padding=&#8221;36px||3px|||&#8221; box_shadow_style=&#8221;preset1&#8243;][et_pb_row column_structure=&#8221;1_2,1_2&#8243; _builder_version=&#8221;4.8.0&#8243; _module_preset=&#8221;default&#8221; width=&#8221;99.7%&#8221; custom_padding=&#8221;|||3px||&#8221;][et_pb_column type=&#8221;1_2&#8243; _builder_version=&#8221;4.8.0&#8243; _module_preset=&#8221;default&#8221;][et_pb_button button_url=&#8221;https:\/\/www.google.com\/maps\/dir\/Villarrica\/caba%C3%B1as+carolina+lican+ray\/@-39.3720934,-72.2721454,12.26z\/data=!4m14!4m13!1m5!1m1!1s0x9614623c8e00fe6f:0xe7812f04b9706fcc!2m2!1d-72.2307798!2d-39.2820124!1m5!1m1!1s0x96146e0af0110919:0xcfafad9b58badc10!2m2!1d-72.1690057!2d-39.4724413!3e0&#8243; button_text=&#8221;COMO LLEGAR&#8221; button_alignment=&#8221;center&#8221; _builder_version=&#8221;4.8.0&#8243; _module_preset=&#8221;default&#8221; custom_button=&#8221;on&#8221; button_text_color=&#8221;#E06100&#8243; button_bg_color=&#8221;#FFFFFF&#8221; button_use_icon=&#8221;off&#8221; custom_margin=&#8221;-30px|-6px|8px|14px|false|false&#8221; custom_padding=&#8221;|12px|6px|18px|false|false&#8221;][\/et_pb_button][\/et_pb_column][et_pb_column type=&#8221;1_2&#8243; _builder_version=&#8221;4.8.0&#8243; _module_preset=&#8221;default&#8221;][et_pb_button button_url=&#8221;https:\/\/api.whatsapp.com\/send?phone=56968459934&#038;text=Hola%2C%20estoy%20interesado%20en%20RESERVAR%20CABA\u00d1A%20&#8243; button_text=&#8221;CONTACT\u00d3 &#8221; button_alignment=&#8221;center&#8221; _builder_version=&#8221;4.8.0&#8243; _module_preset=&#8221;default&#8221; custom_button=&#8221;on&#8221; button_text_color=&#8221;#E06100&#8243; button_bg_color=&#8221;#FFFFFF&#8221; button_border_radius=&#8221;3px&#8221; button_use_icon=&#8221;off&#8221; custom_margin=&#8221;-25px|||20px|false|false&#8221; custom_padding=&#8221;|42px|||false|false&#8221;][\/et_pb_button][\/et_pb_column][\/et_pb_row][et_pb_row _builder_version=&#8221;4.8.0&#8243; _module_preset=&#8221;default&#8221; custom_margin=&#8221;-1px|auto|20px|auto||&#8221; custom_padding=&#8221;6px|||||&#8221; box_shadow_style=&#8221;preset1&#8243;][et_pb_column type=&#8221;4_4&#8243; _builder_version=&#8221;4.8.0&#8243; _module_preset=&#8221;default&#8221;][et_pb_text _builder_version=&#8221;4.8.0&#8243; _module_preset=&#8221;default&#8221; text_text_color=&#8221;#000000&#8243; header_text_color=&#8221;#000000&#8243; header_font_size=&#8221;39px&#8221; width=&#8221;86.7%&#8221; custom_margin=&#8221;12px|40px||18px||&#8221; custom_padding=&#8221;18px|0px|11px|0px||&#8221; inline_fonts=&#8221;Arial&#8221;]<\/p>\n<h4 style=\"text-align: center;\"><span style=\"font-size: large; color: #000000;\"><strong><span style=\"font-family: Arial;\">NUESTROS COMPLEJO ESTA ATENDIDO POR SUS PROPIOS DUE\u00d1OS ENTREGANDO UNA CARI\u00d1OSA ATENCI\u00d3N.<\/span><\/strong><\/span><\/h4>\n<p>[\/et_pb_text][\/et_pb_column][\/et_pb_row][\/et_pb_section][et_pb_section fb_built=&#8221;1&#8243; fullwidth=&#8221;on&#8221; _builder_version=&#8221;4.8.0&#8243; _module_preset=&#8221;default&#8221; custom_margin=&#8221;-18px|||||&#8221;][et_pb_fullwidth_image src=&#8221;https:\/\/www.xn--cabaascarolina-tnb.cl\/wp-content\/uploads\/2023\/05\/CABANAS-CAROLINA-scaled.jpg&#8221; title_text=&#8221;CABA\u00d1AS CAROLINA&#8221; _builder_version=&#8221;4.8.0&#8243; _module_preset=&#8221;default&#8221; min_height=&#8221;256.9px&#8221; custom_margin=&#8221;1px||-424px|||&#8221; custom_padding=&#8221;0px||0px|||&#8221;][\/et_pb_fullwidth_image][\/et_pb_section]<\/p>\n","protected":false},"excerpt":{"rendered":"<p>Caba\u00f1as-Gourmet-Transfer-Turismo. Lican Ray &#8211; Zona Lacustre &#8211; IX Regi\u00f3n &#8211; Chile. Abierto todo el A\u00f1o \/ Descuento en Termas y Tour. Contacto y Reservas al +56 9 6845 9934<\/p>\n","protected":false},"author":1,"featured_media":0,"parent":0,"menu_order":0,"comment_status":"open","ping_status":"closed","template":"","meta":{"_et_pb_use_builder":"on","_et_pb_old_content":"","_et_gb_content_width":""},"_links":{"self":[{"href":"https:\/\/www.xn--cabaascarolina-tnb.cl\/index.php?rest_route=\/wp\/v2\/pages\/8"}],"collection":[{"href":"https:\/\/www.xn--cabaascarolina-tnb.cl\/index.php?rest_route=\/wp\/v2\/pages"}],"about":[{"href":"https:\/\/www.xn--cabaascarolina-tnb.cl\/index.php?rest_route=\/wp\/v2\/types\/page"}],"author":[{"embeddable":true,"href":"https:\/\/www.xn--cabaascarolina-tnb.cl\/index.php?rest_route=\/wp\/v2\/users\/1"}],"replies":[{"embeddable":true,"href":"https:\/\/www.xn--cabaascarolina-tnb.cl\/index.php?rest_route=%2Fwp%2Fv2%2Fcomments&post=8"}],"version-history":[{"count":136,"href":"https:\/\/www.xn--cabaascarolina-tnb.cl\/index.php?rest_route=\/wp\/v2\/pages\/8\/revisions"}],"predecessor-version":[{"id":712,"href":"https:\/\/www.xn--cabaascarolina-tnb.cl\/index.php?rest_route=\/wp\/v2\/pages\/8\/revisions\/712"}],"wp:attachment":[{"href":"https:\/\/www.xn--cabaascarolina-tnb.cl\/index.php?rest_route=%2Fwp%2Fv2%2Fmedia&parent=8"}],"curies":[{"name":"wp","href":"https:\/\/api.w.org\/{rel}","templated":true}]}}